{"id":160,"date":"2024-04-06T00:52:05","date_gmt":"2024-04-06T00:52:05","guid":{"rendered":"https:\/\/casaanita.com.br\/?page_id=160"},"modified":"2024-04-06T00:52:05","modified_gmt":"2024-04-06T00:52:05","slug":"esqueci-minha-senha","status":"publish","type":"page","link":"https:\/\/casaanita.com.br\/?page_id=160","title":{"rendered":"Esqueci minha senha"},"content":{"rendered":"<div class=\"pmagic\">  \n <div class=\"pm-login-box pm-dbfl pm-border pm-radius5\"> \n\n \n \n <form id=\"lostpasswordform\" class=\"pmagic-form pm-dbfl pm-bg-lt\"\n       action=\"https:\/\/casaanita.com.br\/wp-login.php?action=lostpassword\" method=\"post\">\n\n     <input type=\"hidden\" name=\"pm_password_nonce\" value=\"198c28cacc\" \/>\n     <div class=\"pm-login-header pm-dbfl pm-bg pm-border-bt pm-pad10\">\n         Se voc\u00ea perdeu sua senha, podemos ajud\u00e1-lo a redefini-la. Para iniciar o processo de redefini\u00e7\u00e3o de senha, digite seu nome de usu\u00e1rio ou e-mail na caixa abaixo e clique no bot\u00e3o.     <\/div>\n\n     <input type=\"text\" \n            name=\"user_login\" \n            id=\"user_login\" \n            placeholder=\"E-mail ou nome de usu\u00e1rio\">\n\n     <div class=\"pm-login-box-bottom-container pm-dbfl pm-bg pm-border\">\n         <input type=\"submit\" name=\"submit\" class=\"lostpassword-button\"\n                value=\"Redefinir senha\"\/>\n     <\/div>\n\n <\/form>\n\n \n <\/div>\n<\/div>\n\n","protected":false},"excerpt":{"rendered":"","protected":false},"author":2,"featured_media":0,"parent":0,"menu_order":0,"comment_status":"closed","ping_status":"closed","template":"","meta":{"footnotes":""},"class_list":["post-160","page","type-page","status-publish","hentry"],"yoast_head":"<!-- This site is optimized with the Yoast SEO plugin v27.6 - https:\/\/yoast.com\/product\/yoast-seo-wordpress\/ -->\n<title>Esqueci minha senha - Casa Anita<\/title>\n<meta name=\"robots\" content=\"index, follow, max-snippet:-1, max-image-preview:large, max-video-preview:-1\" \/>\n<link rel=\"canonical\" href=\"https:\/\/casaanita.com.br\/?page_id=160\" \/>\n<meta property=\"og:locale\" content=\"pt_BR\" \/>\n<meta property=\"og:type\" content=\"article\" \/>\n<meta property=\"og:title\" content=\"Esqueci minha senha - Casa Anita\" \/>\n<meta property=\"og:url\" content=\"https:\/\/casaanita.com.br\/?page_id=160\" \/>\n<meta property=\"og:site_name\" content=\"Casa Anita\" \/>\n<meta name=\"twitter:card\" content=\"summary_large_image\" \/>\n<script type=\"application\/ld+json\" class=\"yoast-schema-graph\">{\"@context\":\"https:\\\/\\\/schema.org\",\"@graph\":[{\"@type\":\"WebPage\",\"@id\":\"https:\\\/\\\/casaanita.com.br\\\/?page_id=160\",\"url\":\"https:\\\/\\\/casaanita.com.br\\\/?page_id=160\",\"name\":\"Esqueci minha senha - Casa Anita\",\"isPartOf\":{\"@id\":\"https:\\\/\\\/casaanita.com.br\\\/#website\"},\"datePublished\":\"2024-04-06T00:52:05+00:00\",\"breadcrumb\":{\"@id\":\"https:\\\/\\\/casaanita.com.br\\\/?page_id=160#breadcrumb\"},\"inLanguage\":\"pt-BR\",\"potentialAction\":[{\"@type\":\"ReadAction\",\"target\":[\"https:\\\/\\\/casaanita.com.br\\\/?page_id=160\"]}]},{\"@type\":\"BreadcrumbList\",\"@id\":\"https:\\\/\\\/casaanita.com.br\\\/?page_id=160#breadcrumb\",\"itemListElement\":[{\"@type\":\"ListItem\",\"position\":1,\"name\":\"In\u00edcio\",\"item\":\"https:\\\/\\\/casaanita.com.br\\\/\"},{\"@type\":\"ListItem\",\"position\":2,\"name\":\"Esqueci minha senha\"}]},{\"@type\":\"WebSite\",\"@id\":\"https:\\\/\\\/casaanita.com.br\\\/#website\",\"url\":\"https:\\\/\\\/casaanita.com.br\\\/\",\"name\":\"Casa Anita\",\"description\":\" \",\"publisher\":{\"@id\":\"https:\\\/\\\/casaanita.com.br\\\/#organization\"},\"potentialAction\":[{\"@type\":\"SearchAction\",\"target\":{\"@type\":\"EntryPoint\",\"urlTemplate\":\"https:\\\/\\\/casaanita.com.br\\\/?s={search_term_string}\"},\"query-input\":{\"@type\":\"PropertyValueSpecification\",\"valueRequired\":true,\"valueName\":\"search_term_string\"}}],\"inLanguage\":\"pt-BR\"},{\"@type\":\"Organization\",\"@id\":\"https:\\\/\\\/casaanita.com.br\\\/#organization\",\"name\":\"Casa Anita\",\"url\":\"https:\\\/\\\/casaanita.com.br\\\/\",\"logo\":{\"@type\":\"ImageObject\",\"inLanguage\":\"pt-BR\",\"@id\":\"https:\\\/\\\/casaanita.com.br\\\/#\\\/schema\\\/logo\\\/image\\\/\",\"url\":\"https:\\\/\\\/casaanita.com.br\\\/wp-content\\\/uploads\\\/2024\\\/03\\\/novo_logo_branco4.png\",\"contentUrl\":\"https:\\\/\\\/casaanita.com.br\\\/wp-content\\\/uploads\\\/2024\\\/03\\\/novo_logo_branco4.png\",\"width\":216,\"height\":116,\"caption\":\" Casa Anita\"},\"image\":{\"@id\":\"https:\\\/\\\/casaanita.com.br\\\/#\\\/schema\\\/logo\\\/image\\\/\"}}]}<\/script>\n<!-- \/ Yoast SEO plugin. -->","yoast_head_json":{"title":"Esqueci minha senha - Casa Anita","robots":{"index":"index","follow":"follow","max-snippet":"max-snippet:-1","max-image-preview":"max-image-preview:large","max-video-preview":"max-video-preview:-1"},"canonical":"https:\/\/casaanita.com.br\/?page_id=160","og_locale":"pt_BR","og_type":"article","og_title":"Esqueci minha senha - Casa Anita","og_url":"https:\/\/casaanita.com.br\/?page_id=160","og_site_name":"Casa Anita","twitter_card":"summary_large_image","schema":{"@context":"https:\/\/schema.org","@graph":[{"@type":"WebPage","@id":"https:\/\/casaanita.com.br\/?page_id=160","url":"https:\/\/casaanita.com.br\/?page_id=160","name":"Esqueci minha senha - Casa Anita","isPartOf":{"@id":"https:\/\/casaanita.com.br\/#website"},"datePublished":"2024-04-06T00:52:05+00:00","breadcrumb":{"@id":"https:\/\/casaanita.com.br\/?page_id=160#breadcrumb"},"inLanguage":"pt-BR","potentialAction":[{"@type":"ReadAction","target":["https:\/\/casaanita.com.br\/?page_id=160"]}]},{"@type":"BreadcrumbList","@id":"https:\/\/casaanita.com.br\/?page_id=160#breadcrumb","itemListElement":[{"@type":"ListItem","position":1,"name":"In\u00edcio","item":"https:\/\/casaanita.com.br\/"},{"@type":"ListItem","position":2,"name":"Esqueci minha senha"}]},{"@type":"WebSite","@id":"https:\/\/casaanita.com.br\/#website","url":"https:\/\/casaanita.com.br\/","name":"Casa Anita","description":" ","publisher":{"@id":"https:\/\/casaanita.com.br\/#organization"},"potentialAction":[{"@type":"SearchAction","target":{"@type":"EntryPoint","urlTemplate":"https:\/\/casaanita.com.br\/?s={search_term_string}"},"query-input":{"@type":"PropertyValueSpecification","valueRequired":true,"valueName":"search_term_string"}}],"inLanguage":"pt-BR"},{"@type":"Organization","@id":"https:\/\/casaanita.com.br\/#organization","name":"Casa Anita","url":"https:\/\/casaanita.com.br\/","logo":{"@type":"ImageObject","inLanguage":"pt-BR","@id":"https:\/\/casaanita.com.br\/#\/schema\/logo\/image\/","url":"https:\/\/casaanita.com.br\/wp-content\/uploads\/2024\/03\/novo_logo_branco4.png","contentUrl":"https:\/\/casaanita.com.br\/wp-content\/uploads\/2024\/03\/novo_logo_branco4.png","width":216,"height":116,"caption":" Casa Anita"},"image":{"@id":"https:\/\/casaanita.com.br\/#\/schema\/logo\/image\/"}}]}},"_links":{"self":[{"href":"https:\/\/casaanita.com.br\/index.php?rest_route=\/wp\/v2\/pages\/160","targetHints":{"allow":["GET"]}}],"collection":[{"href":"https:\/\/casaanita.com.br\/index.php?rest_route=\/wp\/v2\/pages"}],"about":[{"href":"https:\/\/casaanita.com.br\/index.php?rest_route=\/wp\/v2\/types\/page"}],"author":[{"embeddable":true,"href":"https:\/\/casaanita.com.br\/index.php?rest_route=\/wp\/v2\/users\/2"}],"replies":[{"embeddable":true,"href":"https:\/\/casaanita.com.br\/index.php?rest_route=%2Fwp%2Fv2%2Fcomments&post=160"}],"version-history":[{"count":0,"href":"https:\/\/casaanita.com.br\/index.php?rest_route=\/wp\/v2\/pages\/160\/revisions"}],"wp:attachment":[{"href":"https:\/\/casaanita.com.br\/index.php?rest_route=%2Fwp%2Fv2%2Fmedia&parent=160"}],"curies":[{"name":"wp","href":"https:\/\/api.w.org\/{rel}","templated":true}]}}