{"id":158,"date":"2024-04-06T00:52:05","date_gmt":"2024-04-06T00:52:05","guid":{"rendered":"https:\/\/casaanita.com.br\/?page_id=158"},"modified":"2024-09-13T18:25:38","modified_gmt":"2024-09-13T18:25:38","slug":"acessar","status":"publish","type":"page","link":"https:\/\/casaanita.com.br\/?page_id=158","title":{"rendered":"Projeto"},"content":{"rendered":"<p><img loading=\"lazy\" decoding=\"async\" class=\"size-medium wp-image-241 alignleft\" src=\"https:\/\/casaanita.com.br\/wp-content\/uploads\/2024\/09\/architecture-plan-blueprint-layout-work-concept-300x202.jpg\" alt=\"\" width=\"300\" height=\"202\" srcset=\"https:\/\/casaanita.com.br\/wp-content\/uploads\/2024\/09\/architecture-plan-blueprint-layout-work-concept-300x202.jpg 300w, https:\/\/casaanita.com.br\/wp-content\/uploads\/2024\/09\/architecture-plan-blueprint-layout-work-concept-1024x690.jpg 1024w, https:\/\/casaanita.com.br\/wp-content\/uploads\/2024\/09\/architecture-plan-blueprint-layout-work-concept-768x518.jpg 768w, https:\/\/casaanita.com.br\/wp-content\/uploads\/2024\/09\/architecture-plan-blueprint-layout-work-concept-1536x1036.jpg 1536w, https:\/\/casaanita.com.br\/wp-content\/uploads\/2024\/09\/architecture-plan-blueprint-layout-work-concept-2048x1381.jpg 2048w, https:\/\/casaanita.com.br\/wp-content\/uploads\/2024\/09\/architecture-plan-blueprint-layout-work-concept-593x400.jpg 593w\" sizes=\"auto, (max-width: 300px) 100vw, 300px\" \/>O desenvolvimento do projeto em nossa loja come\u00e7a com a cria\u00e7\u00e3o de um design personalizado baseado nas suas necessidades e prefer\u00eancias (<a href=\"https:\/\/casaanita.com.br\/?page_id=35\">Briefing<\/a>). Ap\u00f3s a coleta de informa\u00e7\u00f5es detalhadas durante o briefing, nossa equipe de designers utiliza softwares avan\u00e7ados para elaborar um modelo 3D do seu espa\u00e7o e dos m\u00f3veis planejados. Esse modelo permite que voc\u00ea visualize como as pe\u00e7as se integrar\u00e3o ao ambiente e faz ajustes conforme necess\u00e1rio. A escolha de materiais, acabamentos e cores \u00e9 discutida para garantir que o design final reflita seu estilo e atenda \u00e0s suas expectativas funcionais.<\/p>\n<p>Na etapa seguinte, passamos para o planejamento t\u00e9cnico e a fabrica\u00e7\u00e3o. Elaboramos especifica\u00e7\u00f5es precisas e coordenamos a produ\u00e7\u00e3o com alta tecnologia para garantir a qualidade e a precis\u00e3o dos m\u00f3veis. Ap\u00f3s a fabrica\u00e7\u00e3o, nossos especialistas realizam a instala\u00e7\u00e3o no local, ajustando cada pe\u00e7a para um encaixe perfeito e assegurando que todos os detalhes estejam conforme o projeto. Com esse processo cuidadoso, garantimos que o resultado final seja n\u00e3o apenas est\u00e9tico, mas tamb\u00e9m funcional e dur\u00e1vel.<\/p>\n<p><a href=\"https:\/\/casaanita.com.br\/?page_id=235\">Montagem<\/a><\/p>\n","protected":false},"excerpt":{"rendered":"<p>O desenvolvimento do projeto em nossa loja come\u00e7a com a cria\u00e7\u00e3o de um design personalizado baseado nas suas necessidades e prefer\u00eancias (Briefing). Ap\u00f3s a coleta de informa\u00e7\u00f5es detalhadas durante o briefing, nossa equipe de designers utiliza softwares avan\u00e7ados para elaborar um modelo 3D do seu espa\u00e7o e dos m\u00f3veis planejados. Esse modelo permite que voc\u00ea [&hellip;]<\/p>\n","protected":false},"author":2,"featured_media":0,"parent":0,"menu_order":0,"comment_status":"closed","ping_status":"closed","template":"","meta":{"footnotes":""},"class_list":["post-158","page","type-page","status-publish","hentry"],"yoast_head":"<!-- This site is optimized with the Yoast SEO plugin v27.6 - https:\/\/yoast.com\/product\/yoast-seo-wordpress\/ -->\n<title>Projeto - Casa Anita<\/title>\n<meta name=\"robots\" content=\"index, follow, max-snippet:-1, max-image-preview:large, max-video-preview:-1\" \/>\n<link rel=\"canonical\" href=\"https:\/\/casaanita.com.br\/?page_id=158\" \/>\n<meta property=\"og:locale\" content=\"pt_BR\" \/>\n<meta property=\"og:type\" content=\"article\" \/>\n<meta property=\"og:title\" content=\"Projeto - Casa Anita\" \/>\n<meta property=\"og:description\" content=\"O desenvolvimento do projeto em nossa loja come\u00e7a com a cria\u00e7\u00e3o de um design personalizado baseado nas suas necessidades e prefer\u00eancias (Briefing). Ap\u00f3s a coleta de informa\u00e7\u00f5es detalhadas durante o briefing, nossa equipe de designers utiliza softwares avan\u00e7ados para elaborar um modelo 3D do seu espa\u00e7o e dos m\u00f3veis planejados. Esse modelo permite que voc\u00ea [&hellip;]\" \/>\n<meta property=\"og:url\" content=\"https:\/\/casaanita.com.br\/?page_id=158\" \/>\n<meta property=\"og:site_name\" content=\"Casa Anita\" \/>\n<meta property=\"article:modified_time\" content=\"2024-09-13T18:25:38+00:00\" \/>\n<meta property=\"og:image\" content=\"https:\/\/casaanita.com.br\/wp-content\/uploads\/2024\/09\/architecture-plan-blueprint-layout-work-concept-300x202.jpg\" \/>\n<meta name=\"twitter:card\" content=\"summary_large_image\" \/>\n<meta name=\"twitter:label1\" content=\"Est. tempo de leitura\" \/>\n\t<meta name=\"twitter:data1\" content=\"2 minutos\" \/>\n<script type=\"application\/ld+json\" class=\"yoast-schema-graph\">{\"@context\":\"https:\\\/\\\/schema.org\",\"@graph\":[{\"@type\":\"WebPage\",\"@id\":\"https:\\\/\\\/casaanita.com.br\\\/?page_id=158\",\"url\":\"https:\\\/\\\/casaanita.com.br\\\/?page_id=158\",\"name\":\"Projeto - Casa Anita\",\"isPartOf\":{\"@id\":\"https:\\\/\\\/casaanita.com.br\\\/#website\"},\"primaryImageOfPage\":{\"@id\":\"https:\\\/\\\/casaanita.com.br\\\/?page_id=158#primaryimage\"},\"image\":{\"@id\":\"https:\\\/\\\/casaanita.com.br\\\/?page_id=158#primaryimage\"},\"thumbnailUrl\":\"https:\\\/\\\/casaanita.com.br\\\/wp-content\\\/uploads\\\/2024\\\/09\\\/architecture-plan-blueprint-layout-work-concept-300x202.jpg\",\"datePublished\":\"2024-04-06T00:52:05+00:00\",\"dateModified\":\"2024-09-13T18:25:38+00:00\",\"breadcrumb\":{\"@id\":\"https:\\\/\\\/casaanita.com.br\\\/?page_id=158#breadcrumb\"},\"inLanguage\":\"pt-BR\",\"potentialAction\":[{\"@type\":\"ReadAction\",\"target\":[\"https:\\\/\\\/casaanita.com.br\\\/?page_id=158\"]}]},{\"@type\":\"ImageObject\",\"inLanguage\":\"pt-BR\",\"@id\":\"https:\\\/\\\/casaanita.com.br\\\/?page_id=158#primaryimage\",\"url\":\"https:\\\/\\\/casaanita.com.br\\\/wp-content\\\/uploads\\\/2024\\\/09\\\/architecture-plan-blueprint-layout-work-concept-scaled.jpg\",\"contentUrl\":\"https:\\\/\\\/casaanita.com.br\\\/wp-content\\\/uploads\\\/2024\\\/09\\\/architecture-plan-blueprint-layout-work-concept-scaled.jpg\",\"width\":2560,\"height\":1726},{\"@type\":\"BreadcrumbList\",\"@id\":\"https:\\\/\\\/casaanita.com.br\\\/?page_id=158#breadcrumb\",\"itemListElement\":[{\"@type\":\"ListItem\",\"position\":1,\"name\":\"In\u00edcio\",\"item\":\"https:\\\/\\\/casaanita.com.br\\\/\"},{\"@type\":\"ListItem\",\"position\":2,\"name\":\"Projeto\"}]},{\"@type\":\"WebSite\",\"@id\":\"https:\\\/\\\/casaanita.com.br\\\/#website\",\"url\":\"https:\\\/\\\/casaanita.com.br\\\/\",\"name\":\"Casa Anita\",\"description\":\" \",\"publisher\":{\"@id\":\"https:\\\/\\\/casaanita.com.br\\\/#organization\"},\"potentialAction\":[{\"@type\":\"SearchAction\",\"target\":{\"@type\":\"EntryPoint\",\"urlTemplate\":\"https:\\\/\\\/casaanita.com.br\\\/?s={search_term_string}\"},\"query-input\":{\"@type\":\"PropertyValueSpecification\",\"valueRequired\":true,\"valueName\":\"search_term_string\"}}],\"inLanguage\":\"pt-BR\"},{\"@type\":\"Organization\",\"@id\":\"https:\\\/\\\/casaanita.com.br\\\/#organization\",\"name\":\"Casa Anita\",\"url\":\"https:\\\/\\\/casaanita.com.br\\\/\",\"logo\":{\"@type\":\"ImageObject\",\"inLanguage\":\"pt-BR\",\"@id\":\"https:\\\/\\\/casaanita.com.br\\\/#\\\/schema\\\/logo\\\/image\\\/\",\"url\":\"https:\\\/\\\/casaanita.com.br\\\/wp-content\\\/uploads\\\/2024\\\/03\\\/novo_logo_branco4.png\",\"contentUrl\":\"https:\\\/\\\/casaanita.com.br\\\/wp-content\\\/uploads\\\/2024\\\/03\\\/novo_logo_branco4.png\",\"width\":216,\"height\":116,\"caption\":\" Casa Anita\"},\"image\":{\"@id\":\"https:\\\/\\\/casaanita.com.br\\\/#\\\/schema\\\/logo\\\/image\\\/\"}}]}<\/script>\n<!-- \/ Yoast SEO plugin. -->","yoast_head_json":{"title":"Projeto - Casa Anita","robots":{"index":"index","follow":"follow","max-snippet":"max-snippet:-1","max-image-preview":"max-image-preview:large","max-video-preview":"max-video-preview:-1"},"canonical":"https:\/\/casaanita.com.br\/?page_id=158","og_locale":"pt_BR","og_type":"article","og_title":"Projeto - Casa Anita","og_description":"O desenvolvimento do projeto em nossa loja come\u00e7a com a cria\u00e7\u00e3o de um design personalizado baseado nas suas necessidades e prefer\u00eancias (Briefing). Ap\u00f3s a coleta de informa\u00e7\u00f5es detalhadas durante o briefing, nossa equipe de designers utiliza softwares avan\u00e7ados para elaborar um modelo 3D do seu espa\u00e7o e dos m\u00f3veis planejados. Esse modelo permite que voc\u00ea [&hellip;]","og_url":"https:\/\/casaanita.com.br\/?page_id=158","og_site_name":"Casa Anita","article_modified_time":"2024-09-13T18:25:38+00:00","og_image":[{"url":"https:\/\/casaanita.com.br\/wp-content\/uploads\/2024\/09\/architecture-plan-blueprint-layout-work-concept-300x202.jpg","type":"","width":"","height":""}],"twitter_card":"summary_large_image","twitter_misc":{"Est. tempo de leitura":"2 minutos"},"schema":{"@context":"https:\/\/schema.org","@graph":[{"@type":"WebPage","@id":"https:\/\/casaanita.com.br\/?page_id=158","url":"https:\/\/casaanita.com.br\/?page_id=158","name":"Projeto - Casa Anita","isPartOf":{"@id":"https:\/\/casaanita.com.br\/#website"},"primaryImageOfPage":{"@id":"https:\/\/casaanita.com.br\/?page_id=158#primaryimage"},"image":{"@id":"https:\/\/casaanita.com.br\/?page_id=158#primaryimage"},"thumbnailUrl":"https:\/\/casaanita.com.br\/wp-content\/uploads\/2024\/09\/architecture-plan-blueprint-layout-work-concept-300x202.jpg","datePublished":"2024-04-06T00:52:05+00:00","dateModified":"2024-09-13T18:25:38+00:00","breadcrumb":{"@id":"https:\/\/casaanita.com.br\/?page_id=158#breadcrumb"},"inLanguage":"pt-BR","potentialAction":[{"@type":"ReadAction","target":["https:\/\/casaanita.com.br\/?page_id=158"]}]},{"@type":"ImageObject","inLanguage":"pt-BR","@id":"https:\/\/casaanita.com.br\/?page_id=158#primaryimage","url":"https:\/\/casaanita.com.br\/wp-content\/uploads\/2024\/09\/architecture-plan-blueprint-layout-work-concept-scaled.jpg","contentUrl":"https:\/\/casaanita.com.br\/wp-content\/uploads\/2024\/09\/architecture-plan-blueprint-layout-work-concept-scaled.jpg","width":2560,"height":1726},{"@type":"BreadcrumbList","@id":"https:\/\/casaanita.com.br\/?page_id=158#breadcrumb","itemListElement":[{"@type":"ListItem","position":1,"name":"In\u00edcio","item":"https:\/\/casaanita.com.br\/"},{"@type":"ListItem","position":2,"name":"Projeto"}]},{"@type":"WebSite","@id":"https:\/\/casaanita.com.br\/#website","url":"https:\/\/casaanita.com.br\/","name":"Casa Anita","description":" ","publisher":{"@id":"https:\/\/casaanita.com.br\/#organization"},"potentialAction":[{"@type":"SearchAction","target":{"@type":"EntryPoint","urlTemplate":"https:\/\/casaanita.com.br\/?s={search_term_string}"},"query-input":{"@type":"PropertyValueSpecification","valueRequired":true,"valueName":"search_term_string"}}],"inLanguage":"pt-BR"},{"@type":"Organization","@id":"https:\/\/casaanita.com.br\/#organization","name":"Casa Anita","url":"https:\/\/casaanita.com.br\/","logo":{"@type":"ImageObject","inLanguage":"pt-BR","@id":"https:\/\/casaanita.com.br\/#\/schema\/logo\/image\/","url":"https:\/\/casaanita.com.br\/wp-content\/uploads\/2024\/03\/novo_logo_branco4.png","contentUrl":"https:\/\/casaanita.com.br\/wp-content\/uploads\/2024\/03\/novo_logo_branco4.png","width":216,"height":116,"caption":" Casa Anita"},"image":{"@id":"https:\/\/casaanita.com.br\/#\/schema\/logo\/image\/"}}]}},"_links":{"self":[{"href":"https:\/\/casaanita.com.br\/index.php?rest_route=\/wp\/v2\/pages\/158","targetHints":{"allow":["GET"]}}],"collection":[{"href":"https:\/\/casaanita.com.br\/index.php?rest_route=\/wp\/v2\/pages"}],"about":[{"href":"https:\/\/casaanita.com.br\/index.php?rest_route=\/wp\/v2\/types\/page"}],"author":[{"embeddable":true,"href":"https:\/\/casaanita.com.br\/index.php?rest_route=\/wp\/v2\/users\/2"}],"replies":[{"embeddable":true,"href":"https:\/\/casaanita.com.br\/index.php?rest_route=%2Fwp%2Fv2%2Fcomments&post=158"}],"version-history":[{"count":4,"href":"https:\/\/casaanita.com.br\/index.php?rest_route=\/wp\/v2\/pages\/158\/revisions"}],"predecessor-version":[{"id":250,"href":"https:\/\/casaanita.com.br\/index.php?rest_route=\/wp\/v2\/pages\/158\/revisions\/250"}],"wp:attachment":[{"href":"https:\/\/casaanita.com.br\/index.php?rest_route=%2Fwp%2Fv2%2Fmedia&parent=158"}],"curies":[{"name":"wp","href":"https:\/\/api.w.org\/{rel}","templated":true}]}}